{"id":40478,"date":"2020-05-18T02:35:02","date_gmt":"2020-05-18T00:35:02","guid":{"rendered":"https:\/\/seminarhotels-schweiz.com\/de\/?page_id=40478"},"modified":"2020-05-25T12:09:59","modified_gmt":"2020-05-25T10:09:59","slug":"hotels","status":"publish","type":"page","link":"https:\/\/wien-tagungshotels.at\/de\/hotels\/","title":{"rendered":"Hotels"},"content":{"rendered":"<p>Hotels: Sie m\u00f6chten die Suche nach den passenden Hotels und Eventlocations lieber uns \u00fcbergeben? Kein Problem: Wir unterst\u00fctzen Sie gerne bei diesem Prozess &#8211; kostenlos und unkompliziert. Einfach Hotels und Locations ausw\u00e4hlen und bei uns anfragen. Nat\u00fcrlich k\u00f6nnen Sie auch ohne ausgew\u00e4hlte Betriebe einfach die <a class=\"request\" href=\"#\">Anfrage<\/a> bei uns starten. Gerne \u00fcbernehmen wir die Locationsuche f\u00fcr Sie und Ihr Team.<\/p>\n<h2>Hotels &amp; Eventlocations &#8211; MICE Service Group<\/h2>\n<p>F\u00fcr unsere nationalen wie auch internationalen Anfragen arbeiten wir mit renommierten Hotelketten zusammen. Seit 2009 sind wir mit den Hotelketten hervorragend vernetzt. Dadurch erhalten wir wertvolles Hintergrundwissen in Bezug auf Neuer\u00f6ffnungen, Specials, Angebote &amp; Ver\u00e4nderungen im Tagungs- und Kongressbereich, welches wir unseren Kunden weitergeben.<\/p>\n<p>Das Team der MICE Service Group\u00a0 sorgt f\u00fcr gelungene Anl\u00e4sse. Zuverl\u00e4ssig und kostenlos. Die MICE Service Group vermittelt kostenlos Hotels, Eventlocations und Rahmenprogramme f\u00fcr alle, die in der Schweiz, dem nahen Ausland und in Europ\u00e4ischen St\u00e4dten Anl\u00e4sse wie Seminare, Workshops, Meetings, Teamevents, planen.<\/p>\n<p>Fragen Sie uns doch kostenfrei und unverbindlich an, wir freuen uns auf die Zusammenarbeit mit Ihnen.<\/p>","protected":false},"excerpt":{"rendered":"<p>Hotels: Sie m\u00f6chten die Suche nach den passenden Hotels und Eventlocations lieber uns \u00fcbergeben? Kein Problem: Wir unterst\u00fctzen Sie gerne bei diesem Prozess &#8211; kostenlos und unkompliziert. Einfach Hotels und Locations ausw\u00e4hlen und bei uns anfragen. Nat\u00fcrlich k\u00f6nnen Sie auch ohne ausgew\u00e4hlte Betriebe einfach die Anfrage bei uns starten. Gerne \u00fcbernehmen wir die Locationsuche f\u00fcr [&hellip;]<\/p>\n","protected":false},"author":1,"featured_media":0,"parent":0,"menu_order":0,"comment_status":"closed","ping_status":"closed","template":"","meta":[],"acf":[],"yoast_head":"<!-- This site is optimized with the Yoast SEO Premium plugin v20.3 (Yoast SEO v20.3) - https:\/\/yoast.com\/wordpress\/plugins\/seo\/ -->\n<title>Hotels &amp; Eventlocations - Anfragen &amp; Buchen | MICE Service Group | Tagungen in der Kaiserstadt Wien<\/title>\n<meta name=\"description\" content=\"Die MICE Service Group vermittelt weltweit Hotels &amp; Eventlocations f\u00fcr ihre nationale und internationale Kunden. Jetzt unverbindlich anfragen.\" \/>\n<meta name=\"robots\" content=\"index, follow, max-snippet:-1, max-image-preview:large, max-video-preview:-1\" \/>\n<link rel=\"canonical\" href=\"https:\/\/saas-fee-seminarhotels.ch\/de\/hotels\/\" \/>\n<meta property=\"og:locale\" content=\"de_DE\" \/>\n<meta property=\"og:type\" content=\"article\" \/>\n<meta property=\"og:title\" content=\"Hotels\" \/>\n<meta property=\"og:description\" content=\"Die MICE Service Group vermittelt weltweit Hotels &amp; Eventlocations f\u00fcr ihre nationale und internationale Kunden. Jetzt unverbindlich anfragen.\" \/>\n<meta property=\"og:url\" content=\"https:\/\/saas-fee-seminarhotels.ch\/de\/hotels\/\" \/>\n<meta property=\"article:modified_time\" content=\"2020-05-25T10:09:59+00:00\" \/>\n<meta name=\"twitter:card\" content=\"summary_large_image\" \/>\n<meta name=\"twitter:label1\" content=\"Gesch\u00e4tzte Lesezeit\" \/>\n\t<meta name=\"twitter:data1\" content=\"2 Minuten\" \/>\n<script type=\"application\/ld+json\" class=\"yoast-schema-graph\">{\"@context\":\"https:\/\/schema.org\",\"@graph\":[{\"@type\":\"WebPage\",\"@id\":\"https:\/\/saas-fee-seminarhotels.ch\/de\/hotels\/\",\"url\":\"https:\/\/saas-fee-seminarhotels.ch\/de\/hotels\/\",\"name\":\"Hotels & Eventlocations - Anfragen & Buchen | MICE Service Group\",\"isPartOf\":{\"@id\":\"https:\/\/linz-tagungshotels.at\/en\/#website\"},\"datePublished\":\"2020-05-18T00:35:02+00:00\",\"dateModified\":\"2020-05-25T10:09:59+00:00\",\"description\":\"Die MICE Service Group vermittelt weltweit Hotels & Eventlocations f\u00fcr ihre nationale und internationale Kunden. Jetzt unverbindlich anfragen.\",\"breadcrumb\":{\"@id\":\"https:\/\/saas-fee-seminarhotels.ch\/de\/hotels\/#breadcrumb\"},\"inLanguage\":\"de-DE\",\"potentialAction\":[{\"@type\":\"ReadAction\",\"target\":[\"https:\/\/saas-fee-seminarhotels.ch\/de\/hotels\/\"]}]},{\"@type\":\"BreadcrumbList\",\"@id\":\"https:\/\/saas-fee-seminarhotels.ch\/de\/hotels\/#breadcrumb\",\"itemListElement\":[{\"@type\":\"ListItem\",\"position\":1,\"name\":\"Home\",\"item\":\"https:\/\/linz-tagungshotels.at\/en\/\"},{\"@type\":\"ListItem\",\"position\":2,\"name\":\"Hotels\"}]},{\"@type\":\"WebSite\",\"@id\":\"https:\/\/linz-tagungshotels.at\/en\/#website\",\"url\":\"https:\/\/linz-tagungshotels.at\/en\/\",\"name\":\"wien-tagungshotels.at\",\"description\":\"\",\"potentialAction\":[{\"@type\":\"SearchAction\",\"target\":{\"@type\":\"EntryPoint\",\"urlTemplate\":\"https:\/\/linz-tagungshotels.at\/en\/?s={search_term_string}\"},\"query-input\":\"required name=search_term_string\"}],\"inLanguage\":\"de-DE\"}]}<\/script>\n<!-- \/ Yoast SEO Premium plugin. -->","yoast_head_json":{"title":"Hotels & Eventlocations - Anfragen & Buchen | MICE Service Group | Tagungen in der Kaiserstadt Wien","description":"Die MICE Service Group vermittelt weltweit Hotels & Eventlocations f\u00fcr ihre nationale und internationale Kunden. Jetzt unverbindlich anfragen.","robots":{"index":"index","follow":"follow","max-snippet":"max-snippet:-1","max-image-preview":"max-image-preview:large","max-video-preview":"max-video-preview:-1"},"canonical":"https:\/\/saas-fee-seminarhotels.ch\/de\/hotels\/","og_locale":"de_DE","og_type":"article","og_title":"Hotels","og_description":"Die MICE Service Group vermittelt weltweit Hotels & Eventlocations f\u00fcr ihre nationale und internationale Kunden. Jetzt unverbindlich anfragen.","og_url":"https:\/\/saas-fee-seminarhotels.ch\/de\/hotels\/","article_modified_time":"2020-05-25T10:09:59+00:00","twitter_card":"summary_large_image","twitter_misc":{"Gesch\u00e4tzte Lesezeit":"2 Minuten"},"schema":{"@context":"https:\/\/schema.org","@graph":[{"@type":"WebPage","@id":"https:\/\/saas-fee-seminarhotels.ch\/de\/hotels\/","url":"https:\/\/saas-fee-seminarhotels.ch\/de\/hotels\/","name":"Hotels & Eventlocations - Anfragen & Buchen | MICE Service Group","isPartOf":{"@id":"https:\/\/linz-tagungshotels.at\/en\/#website"},"datePublished":"2020-05-18T00:35:02+00:00","dateModified":"2020-05-25T10:09:59+00:00","description":"Die MICE Service Group vermittelt weltweit Hotels & Eventlocations f\u00fcr ihre nationale und internationale Kunden. Jetzt unverbindlich anfragen.","breadcrumb":{"@id":"https:\/\/saas-fee-seminarhotels.ch\/de\/hotels\/#breadcrumb"},"inLanguage":"de-DE","potentialAction":[{"@type":"ReadAction","target":["https:\/\/saas-fee-seminarhotels.ch\/de\/hotels\/"]}]},{"@type":"BreadcrumbList","@id":"https:\/\/saas-fee-seminarhotels.ch\/de\/hotels\/#breadcrumb","itemListElement":[{"@type":"ListItem","position":1,"name":"Home","item":"https:\/\/linz-tagungshotels.at\/en\/"},{"@type":"ListItem","position":2,"name":"Hotels"}]},{"@type":"WebSite","@id":"https:\/\/linz-tagungshotels.at\/en\/#website","url":"https:\/\/linz-tagungshotels.at\/en\/","name":"wien-tagungshotels.at","description":"","potentialAction":[{"@type":"SearchAction","target":{"@type":"EntryPoint","urlTemplate":"https:\/\/linz-tagungshotels.at\/en\/?s={search_term_string}"},"query-input":"required name=search_term_string"}],"inLanguage":"de-DE"}]}},"_links":{"self":[{"href":"https:\/\/wien-tagungshotels.at\/de\/wp-json\/wp\/v2\/pages\/40478"}],"collection":[{"href":"https:\/\/wien-tagungshotels.at\/de\/wp-json\/wp\/v2\/pages"}],"about":[{"href":"https:\/\/wien-tagungshotels.at\/de\/wp-json\/wp\/v2\/types\/page"}],"author":[{"embeddable":true,"href":"https:\/\/wien-tagungshotels.at\/de\/wp-json\/wp\/v2\/users\/1"}],"replies":[{"embeddable":true,"href":"https:\/\/wien-tagungshotels.at\/de\/wp-json\/wp\/v2\/comments?post=40478"}],"version-history":[{"count":0,"href":"https:\/\/wien-tagungshotels.at\/de\/wp-json\/wp\/v2\/pages\/40478\/revisions"}],"wp:attachment":[{"href":"https:\/\/wien-tagungshotels.at\/de\/wp-json\/wp\/v2\/media?parent=40478"}],"curies":[{"name":"wp","href":"https:\/\/api.w.org\/{rel}","templated":true}]}}